{"id":887,"date":"2025-06-10T20:50:13","date_gmt":"2025-06-10T18:50:13","guid":{"rendered":"https:\/\/ikara.space\/store\/"},"modified":"2025-06-23T17:13:22","modified_gmt":"2025-06-23T15:13:22","slug":"store","status":"publish","type":"page","link":"https:\/\/ikara.space\/en\/store\/","title":{"rendered":"Store"},"content":{"rendered":"\n<section class=\"gb-element-15b31e34\">\n<h2 class=\"gb-text\">Recorded sessions<\/h2>\n\n\n\n<p>You can download these sessions after purchase and play them whenever we feel like it.<\/p>\n\n\n\n<div class=\"gb-element-f3bea5b7\">\n<div>\n<img decoding=\"async\" width=\"1024\" height=\"1024\" class=\"gb-media-d4cdd48e\" alt=\"Energetische Schnellhilfe-Set - Schamanische Energie Sessions - Ikara healing\" src=\"https:\/\/ikara.space\/wp-content\/uploads\/2025\/06\/Energetic-Quick-Help-Set-Shamanic-Energy-Session-Ikara-healing.webp\" title=\"Energetische Schnellhilfe-Set - Schamanische Energie Sessions - Ikara healing\" srcset=\"https:\/\/ikara.space\/wp-content\/uploads\/2025\/06\/Energetic-Quick-Help-Set-Shamanic-Energy-Session-Ikara-healing.webp 1024w, https:\/\/ikara.space\/wp-content\/uploads\/2025\/06\/Energetic-Quick-Help-Set-Shamanic-Energy-Session-Ikara-healing-300x300.webp 300w, https:\/\/ikara.space\/wp-content\/uploads\/2025\/06\/Energetic-Quick-Help-Set-Shamanic-Energy-Session-Ikara-healing-150x150.webp 150w, https:\/\/ikara.space\/wp-content\/uploads\/2025\/06\/Energetic-Quick-Help-Set-Shamanic-Energy-Session-Ikara-healing-768x768.webp 768w, https:\/\/ikara.space\/wp-content\/uploads\/2025\/06\/Energetic-Quick-Help-Set-Shamanic-Energy-Session-Ikara-healing-600x600.webp 600w, https:\/\/ikara.space\/wp-content\/uploads\/2025\/06\/Energetic-Quick-Help-Set-Shamanic-Energy-Session-Ikara-healing-100x100.webp 100w\" sizes=\"(max-width: 1024px) 100vw, 1024px\" \/>\n<\/div>\n\n\n\n<div class=\"gb-element-c3aa23bd section-white-text text-left\">\n<h3 class=\"gb-text\">Energetic quick help set<\/h3>\n\n\n\n<p>High-quality audio recordings (MP3) that you can play at any time to quickly rebalance and energize your energy system.<\/p>\n\n\n\n<p><strong>The set includes the following sessions:<\/strong><\/p>\n\n\n\n<ul class=\"wp-block-list\">\n<li><a href=\"https:\/\/ikara.space\/shop\/chakra-balance\/\" data-type=\"product\" data-id=\"522\">Chakra Balance<\/a><\/li>\n\n\n\n<li><a href=\"https:\/\/ikara.space\/shop\/entfernung-der-stressnetze\/\" data-type=\"product\" data-id=\"525\">Entfernung der Stressnetze<\/a><\/li>\n\n\n\n<li><a href=\"https:\/\/ikara.space\/shop\/wirbelsaeulenreinigung\/\" data-type=\"product\" data-id=\"533\">Wirbels\u00e4ulenreinigung<\/a><\/li>\n\n\n\n<li><a href=\"https:\/\/ikara.space\/shop\/reinigung-5-organe-tcm\/\" data-type=\"product\" data-id=\"532\">Reinigung der 5 Hauptorgane der TCM<\/a><\/li>\n<\/ul>\n\n\n\n<p><strong>Duration:<\/strong> 5:57 &#8211; 24.09 (1:03:26 total)<\/p>\n\n\n\n<p><strong>Immediate access to download after purchase<\/strong><\/p>\n\n\n\n<p><strong>Suitable for all levels of experience &#8211; just listen &amp; let it work<\/strong><\/p>\n\n\n\n<div data-block-name=\"woocommerce\/single-product\" data-product-id=\"534\" data-wp-context=\"{&quot;productId&quot;:534,&quot;variationId&quot;:null}\" data-wp-interactive=\"woocommerce\/single-product\" class=\"wp-block-woocommerce-single-product woocommerce\"><div data-block-name=\"woocommerce\/product-price\" data-is-descendent-of-single-product-block=\"true\" class=\"ikara-price ikara-price wp-block-woocommerce-product-price\" ><div class=\"wc-block-components-product-price wc-block-grid__product-price\" >\n\t\t\t\t\t<span class=\"woocommerce-Price-amount amount\"><bdi>175,00&nbsp;<span class=\"woocommerce-Price-currencySymbol\">&euro;<\/span><\/bdi><\/span>\n\t\t\t\t<\/div><\/div><\/div>\n\n\n\n<div style=\"height:1.5em\" aria-hidden=\"true\" class=\"wp-block-spacer\"><\/div>\n\n\n\n<a class=\"gb-text gb-text-2420607d btn btn-transparent-white\" href=\"https:\/\/ikara.space\/shop\/energetisches-schnellhilfe-set\/\">Mehr Infos<\/a>\n<\/div>\n<\/div>\n<\/section>\n\n<section>\n<div class=\"gb-element-68eedf3d\">\n<div>\n<img decoding=\"async\" width=\"1024\" height=\"1024\" class=\"gb-media-45ad890c\" alt=\"Chakra Balance - Schamanische Energie Session - Ikara healing\" src=\"https:\/\/ikara.space\/wp-content\/uploads\/2025\/06\/Chakra-Balance-Shamanic-Energy-Session-Ikara-healing.webp\" title=\"Chakra Balance - Shamanic Energy Session - Ikara healing\" srcset=\"https:\/\/ikara.space\/wp-content\/uploads\/2025\/06\/Chakra-Balance-Shamanic-Energy-Session-Ikara-healing.webp 1024w, https:\/\/ikara.space\/wp-content\/uploads\/2025\/06\/Chakra-Balance-Shamanic-Energy-Session-Ikara-healing-300x300.webp 300w, https:\/\/ikara.space\/wp-content\/uploads\/2025\/06\/Chakra-Balance-Shamanic-Energy-Session-Ikara-healing-150x150.webp 150w, https:\/\/ikara.space\/wp-content\/uploads\/2025\/06\/Chakra-Balance-Shamanic-Energy-Session-Ikara-healing-768x768.webp 768w, https:\/\/ikara.space\/wp-content\/uploads\/2025\/06\/Chakra-Balance-Shamanic-Energy-Session-Ikara-healing-600x600.webp 600w, https:\/\/ikara.space\/wp-content\/uploads\/2025\/06\/Chakra-Balance-Shamanic-Energy-Session-Ikara-healing-100x100.webp 100w\" sizes=\"(max-width: 1024px) 100vw, 1024px\" \/>\n\n\n\n<div data-block-name=\"woocommerce\/single-product\" data-product-id=\"522\" data-wp-context=\"{&quot;productId&quot;:522,&quot;variationId&quot;:null}\" data-wp-interactive=\"woocommerce\/single-product\" class=\"wp-block-woocommerce-single-product woocommerce\"><h3 class=\"wp-block-post-title\"><a href=\"https:\/\/ikara.space\/shop\/chakra-balance\/\" target=\"_self\" >Chakra Balance und Neuausrichtung<\/a><\/h3>\n\n<div data-block-name=\"woocommerce\/product-summary\" data-is-descendent-of-single-product-block=\"true\" class=\"wp-block-woocommerce-product-summary\"><div class=\"wc-block-components-product-summary \" style=\"\">\n\t\t\t\t<p>Harmonisiere deine sieben Energiezentren mit dieser tiefgreifenden schamanischen Heilsession. L\u00f6se Blockaden, bringe dein System in Balance und aktiviere deinen inneren Energiefluss f\u00fcr mehr Klarheit und Vitalit\u00e4t.<\/p>\n\n\t\t\t<\/div><\/div>\n\n<div data-block-name=\"woocommerce\/product-price\" data-is-descendent-of-single-product-block=\"true\" class=\"ikara-price text-center ikara-price text-center wp-block-woocommerce-product-price\" ><div class=\"wc-block-components-product-price wc-block-grid__product-price\" >\n\t\t\t\t\t<span class=\"woocommerce-Price-amount amount\"><bdi>75,00&nbsp;<span class=\"woocommerce-Price-currencySymbol\">&euro;<\/span><\/bdi><\/span>\n\t\t\t\t<\/div><\/div><\/div>\n\n\n\n<div style=\"height:1.5em\" aria-hidden=\"true\" class=\"wp-block-spacer\"><\/div>\n\n\n\n<div class=\"gb-element-23712401\">\n<a class=\"gb-text gb-text-e8c292e1 btn btn-blue-white\" href=\"https:\/\/ikara.space\/shop\/chakra-balance\/\">Mehr Infos<\/a>\n<\/div>\n<\/div>\n\n\n\n<div>\n<img decoding=\"async\" width=\"1024\" height=\"1024\" class=\"gb-media-d0872c35\" alt=\"Reinigung der 5 Hauptorgane der TCM\" src=\"https:\/\/ikara.space\/wp-content\/uploads\/2025\/06\/5-Main-Organs-TCM.webp\" title=\"Reinigung der 5 Hauptorgane der TCM\" srcset=\"https:\/\/ikara.space\/wp-content\/uploads\/2025\/06\/5-Main-Organs-TCM.webp 1024w, https:\/\/ikara.space\/wp-content\/uploads\/2025\/06\/5-Main-Organs-TCM-300x300.webp 300w, https:\/\/ikara.space\/wp-content\/uploads\/2025\/06\/5-Main-Organs-TCM-150x150.webp 150w, https:\/\/ikara.space\/wp-content\/uploads\/2025\/06\/5-Main-Organs-TCM-768x768.webp 768w, https:\/\/ikara.space\/wp-content\/uploads\/2025\/06\/5-Main-Organs-TCM-600x600.webp 600w, https:\/\/ikara.space\/wp-content\/uploads\/2025\/06\/5-Main-Organs-TCM-100x100.webp 100w\" sizes=\"(max-width: 1024px) 100vw, 1024px\" \/>\n\n\n\n<div data-block-name=\"woocommerce\/single-product\" data-product-id=\"532\" data-wp-context=\"{&quot;productId&quot;:532,&quot;variationId&quot;:null}\" data-wp-interactive=\"woocommerce\/single-product\" class=\"wp-block-woocommerce-single-product woocommerce\"><h3 class=\"wp-block-post-title\"><a href=\"https:\/\/ikara.space\/en\/shop\/reinigung-5-organe-tcm\/\" target=\"_self\" >Reinigung der 5 Hauptorgane der TCM<\/a><\/h3>\n\n<div data-block-name=\"woocommerce\/product-summary\" data-is-descendent-of-single-product-block=\"true\" class=\"wp-block-woocommerce-product-summary\"><div class=\"wc-block-components-product-summary \" style=\"\">\n\t\t\t\t<p><span class=\"relative -mx-px my-[-0.2rem] rounded px-px py-[0.2rem] transition-colors duration-100 ease-in-out\">Entlaste Leber, Herz, Milz, Lunge und Niere energetisch \u2013 im Einklang mit der F\u00fcnf-Elemente-Lehre der TCM.<\/span> <span class=\"relative -mx-px my-[-0.2rem] rounded px-px py-[0.2rem] transition-colors duration-100 ease-in-out\">Diese Session unterst\u00fctzt die Regeneration deiner Organe und bringt dein Qi wieder in Fluss.<\/span><\/p>\n\n\t\t\t<\/div><\/div>\n\n<div data-block-name=\"woocommerce\/product-price\" data-is-descendent-of-single-product-block=\"true\" class=\"ikara-price text-center ikara-price text-center wp-block-woocommerce-product-price\" ><div class=\"wc-block-components-product-price wc-block-grid__product-price\" >\n\t\t\t\t\t<span class=\"woocommerce-Price-amount amount\"><bdi>75,00&nbsp;<span class=\"woocommerce-Price-currencySymbol\">&euro;<\/span><\/bdi><\/span>\n\t\t\t\t<\/div><\/div><\/div>\n\n\n\n<div style=\"height:1.5em\" aria-hidden=\"true\" class=\"wp-block-spacer\"><\/div>\n\n\n\n<div class=\"gb-element-1df3a47a\">\n<a class=\"gb-text gb-text-b1bf8c5d btn btn-blue-white\" href=\"https:\/\/ikara.space\/shop\/reinigung-5-organe-tcm\/\">Mehr Infos<\/a>\n<\/div>\n<\/div>\n\n\n\n<div>\n<img decoding=\"async\" width=\"1024\" height=\"1024\" class=\"gb-media-c1ec1528\" alt=\"Energetische Wirbels\u00e4ulenreinigung - Schamanische Energieheilung - Ikara healing\" src=\"https:\/\/ikara.space\/wp-content\/uploads\/2025\/06\/Spine-Clearing-Ikara-healing.webp\" title=\"Energetische Wirbels\u00e4ulenreinigung - Energie Session - Ikara healing\" srcset=\"https:\/\/ikara.space\/wp-content\/uploads\/2025\/06\/Spine-Clearing-Ikara-healing.webp 1024w, https:\/\/ikara.space\/wp-content\/uploads\/2025\/06\/Spine-Clearing-Ikara-healing-300x300.webp 300w, https:\/\/ikara.space\/wp-content\/uploads\/2025\/06\/Spine-Clearing-Ikara-healing-150x150.webp 150w, https:\/\/ikara.space\/wp-content\/uploads\/2025\/06\/Spine-Clearing-Ikara-healing-768x768.webp 768w, https:\/\/ikara.space\/wp-content\/uploads\/2025\/06\/Spine-Clearing-Ikara-healing-600x600.webp 600w, https:\/\/ikara.space\/wp-content\/uploads\/2025\/06\/Spine-Clearing-Ikara-healing-100x100.webp 100w\" sizes=\"(max-width: 1024px) 100vw, 1024px\" \/>\n\n\n\n<div data-block-name=\"woocommerce\/single-product\" data-product-id=\"533\" data-wp-context=\"{&quot;productId&quot;:533,&quot;variationId&quot;:null}\" data-wp-interactive=\"woocommerce\/single-product\" class=\"wp-block-woocommerce-single-product woocommerce\"><h3 class=\"wp-block-post-title\"><a href=\"https:\/\/ikara.space\/en\/shop\/wirbelsaeulenreinigung\/\" target=\"_self\" >Energetische Wirbels\u00e4ulenreinigung<\/a><\/h3>\n\n<div data-block-name=\"woocommerce\/product-summary\" data-is-descendent-of-single-product-block=\"true\" class=\"wp-block-woocommerce-product-summary\"><div class=\"wc-block-components-product-summary \" style=\"\">\n\t\t\t\t<p>Reinige und aktiviere deinen zentralen Energiekanal \u2013 die Wirbels\u00e4ule. Diese Session hilft, emotionale Spannungen zu l\u00f6sen und deine innere Aufrichtung auf allen Ebenen zu st\u00e4rken.<\/p>\n\n\t\t\t<\/div><\/div>\n\n<div data-block-name=\"woocommerce\/product-price\" data-is-descendent-of-single-product-block=\"true\" class=\"ikara-price text-center ikara-price text-center wp-block-woocommerce-product-price\" ><div class=\"wc-block-components-product-price wc-block-grid__product-price\" >\n\t\t\t\t\t<span class=\"woocommerce-Price-amount amount\"><bdi>50,00&nbsp;<span class=\"woocommerce-Price-currencySymbol\">&euro;<\/span><\/bdi><\/span>\n\t\t\t\t<\/div><\/div><\/div>\n\n\n\n<div style=\"height:1.5em\" aria-hidden=\"true\" class=\"wp-block-spacer\"><\/div>\n\n\n\n<div class=\"gb-element-d685a042\">\n<a class=\"gb-text gb-text-ba10bfcb btn btn-blue-white\" href=\"https:\/\/ikara.space\/shop\/wirbelsaeulenreinigung\/\">Mehr Infos<\/a>\n<\/div>\n<\/div>\n\n\n\n<div>\n<img decoding=\"async\" width=\"1024\" height=\"1024\" class=\"gb-media-fd8385e2\" alt=\"Entfernung der Stressnetze - Schamanische Energieheilung - Ikara healing\" src=\"https:\/\/ikara.space\/wp-content\/uploads\/2025\/06\/Stress-Webs-Removal-Shamanic-Energy-Session-Ikara-healing.webp\" title=\"Stress Webs Removal - Shamanic Energy Session - Ikara healing\" srcset=\"https:\/\/ikara.space\/wp-content\/uploads\/2025\/06\/Stress-Webs-Removal-Shamanic-Energy-Session-Ikara-healing.webp 1024w, https:\/\/ikara.space\/wp-content\/uploads\/2025\/06\/Stress-Webs-Removal-Shamanic-Energy-Session-Ikara-healing-300x300.webp 300w, https:\/\/ikara.space\/wp-content\/uploads\/2025\/06\/Stress-Webs-Removal-Shamanic-Energy-Session-Ikara-healing-150x150.webp 150w, https:\/\/ikara.space\/wp-content\/uploads\/2025\/06\/Stress-Webs-Removal-Shamanic-Energy-Session-Ikara-healing-768x768.webp 768w, https:\/\/ikara.space\/wp-content\/uploads\/2025\/06\/Stress-Webs-Removal-Shamanic-Energy-Session-Ikara-healing-600x600.webp 600w, https:\/\/ikara.space\/wp-content\/uploads\/2025\/06\/Stress-Webs-Removal-Shamanic-Energy-Session-Ikara-healing-100x100.webp 100w\" sizes=\"(max-width: 1024px) 100vw, 1024px\" \/>\n\n\n\n<div data-block-name=\"woocommerce\/single-product\" data-product-id=\"525\" data-wp-context=\"{&quot;productId&quot;:525,&quot;variationId&quot;:null}\" data-wp-interactive=\"woocommerce\/single-product\" class=\"wp-block-woocommerce-single-product woocommerce\"><h3 class=\"wp-block-post-title\"><a href=\"https:\/\/ikara.space\/en\/shop\/entfernung-der-stressnetze\/\" target=\"_self\" >Entfernung der Stressnetze<\/a><\/h3>\n\n<div data-block-name=\"woocommerce\/product-summary\" data-is-descendent-of-single-product-block=\"true\" class=\"wp-block-woocommerce-product-summary\"><div class=\"wc-block-components-product-summary \" style=\"\">\n\t\t\t\t<p>Befreie dich von unsichtbaren energetischen Verstrickungen, die dich ausbremsen. Diese Session l\u00f6st Fremdenergien und emotionale Altlasten \u2013 f\u00fcr mehr Leichtigkeit, Pr\u00e4senz und innere Freiheit.<\/p>\n\n\t\t\t<\/div><\/div>\n\n<div data-block-name=\"woocommerce\/product-price\" data-is-descendent-of-single-product-block=\"true\" class=\"ikara-price text-center ikara-price text-center wp-block-woocommerce-product-price\" ><div class=\"wc-block-components-product-price wc-block-grid__product-price\" >\n\t\t\t\t\t<span class=\"woocommerce-Price-amount amount\"><bdi>30,00&nbsp;<span class=\"woocommerce-Price-currencySymbol\">&euro;<\/span><\/bdi><\/span>\n\t\t\t\t<\/div><\/div><\/div>\n\n\n\n<div style=\"height:1.5em\" aria-hidden=\"true\" class=\"wp-block-spacer\"><\/div>\n\n\n\n<div class=\"gb-element-66cefff8\">\n<a class=\"gb-text gb-text-6854e855 btn btn-blue-white\" href=\"https:\/\/ikara.space\/shop\/entfernung-der-stressnetze\/\">Mehr Infos<\/a>\n<\/div>\n<\/div>\n<\/div>\n<\/section>\n","protected":false},"excerpt":{"rendered":"<p>Recorded sessions You can download these sessions after purchase and play them whenever we feel like it. Energetic quick help set High-quality audio recordings (MP3) that you can play at any time to quickly rebalance and energize your energy system. The set includes the following sessions: Duration: 5:57 &#8211; 24.09 (1:03:26 total) Immediate access to &#8230; <a title=\"Entfernung der Stressnetze\" class=\"read-more\" href=\"https:\/\/ikara.space\/en\/shop\/entfernung-der-stressnetze\/\" aria-label=\"Read more about Entfernung der Stressnetze\">Read more<\/a><\/p>\n","protected":false},"author":1,"featured_media":0,"parent":0,"menu_order":0,"comment_status":"closed","ping_status":"closed","template":"","meta":{"footnotes":""},"class_list":["post-887","page","type-page","status-publish","hentry","sales-flash-overlay","woocommerce-text-align-center","woocommerce-image-align-center","do-quantity-buttons"],"_links":{"self":[{"href":"https:\/\/ikara.space\/en\/wp-json\/wp\/v2\/pages\/887","targetHints":{"allow":["GET"]}}],"collection":[{"href":"https:\/\/ikara.space\/en\/wp-json\/wp\/v2\/pages"}],"about":[{"href":"https:\/\/ikara.space\/en\/wp-json\/wp\/v2\/types\/page"}],"author":[{"embeddable":true,"href":"https:\/\/ikara.space\/en\/wp-json\/wp\/v2\/users\/1"}],"replies":[{"embeddable":true,"href":"https:\/\/ikara.space\/en\/wp-json\/wp\/v2\/comments?post=887"}],"version-history":[{"count":3,"href":"https:\/\/ikara.space\/en\/wp-json\/wp\/v2\/pages\/887\/revisions"}],"predecessor-version":[{"id":1033,"href":"https:\/\/ikara.space\/en\/wp-json\/wp\/v2\/pages\/887\/revisions\/1033"}],"wp:attachment":[{"href":"https:\/\/ikara.space\/en\/wp-json\/wp\/v2\/media?parent=887"}],"curies":[{"name":"wp","href":"https:\/\/api.w.org\/{rel}","templated":true}]}}