{"id":533,"date":"2025-06-10T19:35:36","date_gmt":"2025-06-10T17:35:36","guid":{"rendered":"https:\/\/ikara.space\/?post_type=product&#038;p=533"},"modified":"2025-06-10T19:35:36","modified_gmt":"2025-06-10T17:35:36","slug":"wirbelsaeulenreinigung","status":"publish","type":"product","link":"https:\/\/ikara.space\/en\/shop\/wirbelsaeulenreinigung\/","title":{"rendered":"Energetische Wirbels\u00e4ulenreinigung"},"content":{"rendered":"","protected":false},"excerpt":{"rendered":"<p>Reinige und aktiviere deinen zentralen Energiekanal \u2013 die Wirbels\u00e4ule. Diese Session hilft, emotionale Spannungen zu l\u00f6sen und deine innere Aufrichtung auf allen Ebenen zu st\u00e4rken.<\/p>\n","protected":false},"featured_media":485,"template":"","meta":[],"product_brand":[],"product_cat":[],"product_tag":[],"class_list":{"0":"post-533","1":"product","2":"type-product","3":"status-publish","4":"has-post-thumbnail","6":"sales-flash-overlay","7":"woocommerce-text-align-center","8":"woocommerce-image-align-center","9":"do-quantity-buttons","11":"first","12":"instock","13":"downloadable","14":"virtual","15":"taxable","16":"purchasable","17":"product-type-simple"},"_links":{"self":[{"href":"https:\/\/ikara.space\/en\/wp-json\/wp\/v2\/product\/533","targetHints":{"allow":["GET"]}}],"collection":[{"href":"https:\/\/ikara.space\/en\/wp-json\/wp\/v2\/product"}],"about":[{"href":"https:\/\/ikara.space\/en\/wp-json\/wp\/v2\/types\/product"}],"wp:featuredmedia":[{"embeddable":true,"href":"https:\/\/ikara.space\/en\/wp-json\/wp\/v2\/media\/485"}],"wp:attachment":[{"href":"https:\/\/ikara.space\/en\/wp-json\/wp\/v2\/media?parent=533"}],"wp:term":[{"taxonomy":"product_brand","embeddable":true,"href":"https:\/\/ikara.space\/en\/wp-json\/wp\/v2\/product_brand?post=533"},{"taxonomy":"product_cat","embeddable":true,"href":"https:\/\/ikara.space\/en\/wp-json\/wp\/v2\/product_cat?post=533"},{"taxonomy":"product_tag","embeddable":true,"href":"https:\/\/ikara.space\/en\/wp-json\/wp\/v2\/product_tag?post=533"}],"curies":[{"name":"wp","href":"https:\/\/api.w.org\/{rel}","templated":true}]}}